{"id":1341,"date":"2022-05-17T10:33:54","date_gmt":"2022-05-17T10:33:54","guid":{"rendered":"https:\/\/www.ascendllp.com\/services\/consulting-advisory\/"},"modified":"2025-10-15T16:23:17","modified_gmt":"2025-10-15T16:23:17","slug":"consulting-advisory","status":"publish","type":"page","link":"https:\/\/www.ascendllp.com\/fr\/services\/consulting-advisory\/","title":{"rendered":"Conseil et consultation"},"content":{"rendered":"\r\n<h1>\r\n\t\t\tFINANCIAL STATEMENT SERVICES\t<\/h1>\r\n\t<p>Faites progresser votre entreprise gr\u00e2ce \u00e0 nos services dynamiques de conseil et de consultation. De la planification \u00e0 l&rsquo;am\u00e9lioration des processus, nous proposons des solutions sur mesure pour r\u00e9ussir. Nos consultants exp\u00e9riment\u00e9s offrent des conseils personnalis\u00e9s sur les d\u00e9fis de gestion, y compris l&rsquo;efficacit\u00e9 op\u00e9rationnelle, la structure organisationnelle et la prise de d\u00e9cision strat\u00e9gique, vous aidant \u00e0 naviguer \u00e0 travers les probl\u00e8mes commerciaux complexes et \u00e0 atteindre vos objectifs.<\/p>\r\n<h2>\r\n\t\t\tCOMMENT NOUS POUVONS VOUS AIDER\t<\/h2>\r\n\t<p><strong>D\u00e9marrage et expansion d&rsquo;entreprise\u00a0:<\/strong> Nos experts fournissent un soutien complet pour le lancement et l&rsquo;expansion de votre entreprise, y compris l&rsquo;analyse de march\u00e9, la planification d&rsquo;entreprise, les strat\u00e9gies de financement et la configuration op\u00e9rationnelle, assurant une base solide et une croissance durable pour votre entreprise.<\/p>\r\n<p><strong>Pr\u00e9visions et projections financi\u00e8res\u00a0:<\/strong> Nos sp\u00e9cialistes fournissent des pr\u00e9visions et des projections financi\u00e8res d\u00e9taill\u00e9es, en utilisant des outils analytiques avanc\u00e9s pour pr\u00e9dire les revenus, les d\u00e9penses et la rentabilit\u00e9 futurs, vous aidant \u00e0 prendre des d\u00e9cisions \u00e9clair\u00e9es, \u00e0 planifier la croissance et \u00e0 assurer la stabilit\u00e9 financi\u00e8re \u00e0 long terme.<\/p>\r\n<p><strong>Am\u00e9lioration des processus op\u00e9rationnels\u00a0:<\/strong> Nos conseillers analysent et optimisent vos processus d&rsquo;entreprise, en identifiant les possibilit\u00e9s de gains d&rsquo;efficacit\u00e9, d&rsquo;\u00e9conomies et d&rsquo;am\u00e9lioration des performances, afin de vous aider \u00e0 rationaliser vos op\u00e9rations, \u00e0 am\u00e9liorer votre productivit\u00e9 et \u00e0 g\u00e9n\u00e9rer une croissance durable.<\/p>\r\n<p><strong>Services de gestion de la dette et du financement\u00a0:<\/strong> Nous fournissons une assistance experte dans la gestion de la dette et l&rsquo;obtention de financement pour les besoins personnels ou professionnels, y compris la consolidation de la dette, la restructuration des pr\u00eats et les alternatives de financement, vous aidant \u00e0 optimiser le flux de tr\u00e9sorerie, \u00e0 r\u00e9duire les co\u00fbts d&rsquo;int\u00e9r\u00eat et \u00e0 atteindre vos objectifs financiers.Fusions et acquisitions\u00a0: Nous offrons un soutien et des conseils complets tout au long du processus de fusion ou d&rsquo;acquisition, y compris la planification strat\u00e9gique, l&rsquo;identification des cibles, le contr\u00f4le pr\u00e9alable, la n\u00e9gociation et la planification de l&rsquo;int\u00e9gration, vous aidant \u00e0 naviguer dans les transactions complexes, \u00e0 att\u00e9nuer les risques et \u00e0 maximiser la cr\u00e9ation de valeur pour les parties prenantes.<\/p>\r\n<p><strong>Plan de succession d&rsquo;entreprise\u00a0:<\/strong> Nous contribuons \u00e0 l&rsquo;\u00e9laboration de plans de succession strat\u00e9giques afin d&rsquo;assurer des transitions harmonieuses et la continuit\u00e9 des activit\u00e9s de l&rsquo;entreprise, en abordant des questions cl\u00e9s telles que la succession des dirigeants, le transfert de propri\u00e9t\u00e9 et la planification successorale afin de prot\u00e9ger votre h\u00e9ritage et d&rsquo;en maximiser la valeur.<\/p>\r\n<p><strong>Planification financi\u00e8re et de retraite\u00a0:<\/strong> Nous offrons des services financiers et de planification de la retraite personnalis\u00e9s pour vous aider \u00e0 atteindre vos objectifs financiers \u00e0 long terme et \u00e0 assurer votre avenir financier, en fournissant des strat\u00e9gies sur mesure et des recommandations exploitables pour optimiser l&rsquo;accumulation de patrimoine, l&rsquo;\u00e9pargne-retraite et la gestion des placements.<\/p>\r\n<p><strong>Planification successorale\u00a0:<\/strong> Nos services de planification successorale strat\u00e9gique facilitent le transfert en bon ordre des actifs et minimisent les obligations fiscales, en veillant \u00e0 ce que vos souhaits soient r\u00e9alis\u00e9s et que vos proches soient pris en charge, avec des solutions personnalis\u00e9es pour pr\u00e9server le patrimoine, minimiser les imp\u00f4ts et prot\u00e9ger les actifs pour les g\u00e9n\u00e9rations futures.<\/p>\r\n<p><strong>Protection des actifs\u00a0:<\/strong> Nos strat\u00e9gies sur mesure prot\u00e8gent vos actifs et minimisent l&rsquo;exposition aux risques, y compris les responsabilit\u00e9s l\u00e9gales, les r\u00e9clamations des cr\u00e9anciers et les \u00e9v\u00e9nements impr\u00e9vus, assurant une protection compl\u00e8te des actifs et la pr\u00e9servation du patrimoine pour vous et votre famille.<\/p>\r\n<h2>\r\n\t\t\tPLANIFIER UN APPEL\t<\/h2>\r\n\t<p>Remplissez le formulaire ci-dessous pour planifier un premier appel rapide avec un membre de notre \u00e9quipe.<\/p>\r\n\r\n","protected":false},"excerpt":{"rendered":"<p>FINANCIAL STATEMENT SERVICES Faites progresser votre entreprise gr\u00e2ce \u00e0 nos services dynamiques de conseil et de consultation. De la planification \u00e0 l&rsquo;am\u00e9lioration des processus, nous proposons des solutions sur mesure pour r\u00e9ussir. Nos consultants exp\u00e9riment\u00e9s offrent des conseils personnalis\u00e9s sur les d\u00e9fis de gestion, y compris l&rsquo;efficacit\u00e9 op\u00e9rationnelle, la structure organisationnelle et la prise de&hellip;<\/p>\n","protected":false},"author":1,"featured_media":0,"parent":1337,"menu_order":0,"comment_status":"closed","ping_status":"closed","template":"","meta":{"_acf_changed":false,"content-type":"","inline_featured_image":false,"footnotes":""},"class_list":["post-1341","page","type-page","status-publish","hentry"],"acf":[],"yoast_head":"<!-- This site is optimized with the Yoast SEO plugin v27.4 - https:\/\/yoast.com\/product\/yoast-seo-wordpress\/ -->\n<title>Conseil et consultation | Ascend LLP<\/title>\n<meta name=\"description\" content=\"Learn about Conseil et consultation at Ascend LLP. Explore our expert accounting, tax, and advisory services tailored to your needs.\" \/>\n<meta name=\"robots\" content=\"index, follow, max-snippet:-1, max-image-preview:large, max-video-preview:-1\" \/>\n<link rel=\"canonical\" href=\"https:\/\/www.ascendllp.com\/fr\/services\/consulting-advisory\/\" \/>\n<meta property=\"og:locale\" content=\"fr_FR\" \/>\n<meta property=\"og:type\" content=\"article\" \/>\n<meta property=\"og:title\" content=\"Conseil et consultation | Ascend LLP\" \/>\n<meta property=\"og:description\" content=\"Learn about Conseil et consultation at Ascend LLP. Explore our expert accounting, tax, and advisory services tailored to your needs.\" \/>\n<meta property=\"og:url\" content=\"https:\/\/www.ascendllp.com\/fr\/services\/consulting-advisory\/\" \/>\n<meta property=\"og:site_name\" content=\"Ascend LLP\" \/>\n<meta property=\"article:modified_time\" content=\"2025-10-15T16:23:17+00:00\" \/>\n<meta property=\"og:image\" content=\"https:\/\/www.ascendllp.com\/wp-content\/uploads\/2024\/12\/AdobeStock_624956304-scaled.jpeg\" \/>\n\t<meta property=\"og:image:width\" content=\"2560\" \/>\n\t<meta property=\"og:image:height\" content=\"1550\" \/>\n\t<meta property=\"og:image:type\" content=\"image\/jpeg\" \/>\n<meta name=\"twitter:card\" content=\"summary_large_image\" \/>\n<meta name=\"twitter:label1\" content=\"Dur\u00e9e de lecture estim\u00e9e\" \/>\n\t<meta name=\"twitter:data1\" content=\"3 minutes\" \/>\n<script type=\"application\/ld+json\" class=\"yoast-schema-graph\">{\"@context\":\"https:\\\/\\\/schema.org\",\"@graph\":[{\"@type\":\"WebPage\",\"@id\":\"https:\\\/\\\/www.ascendllp.com\\\/fr\\\/services\\\/consulting-advisory\\\/\",\"url\":\"https:\\\/\\\/www.ascendllp.com\\\/fr\\\/services\\\/consulting-advisory\\\/\",\"name\":\"Conseil et consultation | Ascend LLP\",\"isPartOf\":{\"@id\":\"https:\\\/\\\/www.ascendllp.com\\\/fr\\\/#website\"},\"datePublished\":\"2022-05-17T10:33:54+00:00\",\"dateModified\":\"2025-10-15T16:23:17+00:00\",\"description\":\"Learn about Conseil et consultation at Ascend LLP. Explore our expert accounting, tax, and advisory services tailored to your needs.\",\"breadcrumb\":{\"@id\":\"https:\\\/\\\/www.ascendllp.com\\\/fr\\\/services\\\/consulting-advisory\\\/#breadcrumb\"},\"inLanguage\":\"fr-FR\",\"potentialAction\":[{\"@type\":\"ReadAction\",\"target\":[\"https:\\\/\\\/www.ascendllp.com\\\/fr\\\/services\\\/consulting-advisory\\\/\"]}]},{\"@type\":\"BreadcrumbList\",\"@id\":\"https:\\\/\\\/www.ascendllp.com\\\/fr\\\/services\\\/consulting-advisory\\\/#breadcrumb\",\"itemListElement\":[{\"@type\":\"ListItem\",\"position\":1,\"name\":\"Home\",\"item\":\"https:\\\/\\\/www.ascendllp.com\\\/fr\\\/\"},{\"@type\":\"ListItem\",\"position\":2,\"name\":\"Services\",\"item\":\"https:\\\/\\\/www.ascendllp.com\\\/fr\\\/services\\\/\"},{\"@type\":\"ListItem\",\"position\":3,\"name\":\"Conseil et consultation\"}]},{\"@type\":\"WebSite\",\"@id\":\"https:\\\/\\\/www.ascendllp.com\\\/fr\\\/#website\",\"url\":\"https:\\\/\\\/www.ascendllp.com\\\/fr\\\/\",\"name\":\"Ascend LLP Chartered Professional Accountants\",\"description\":\"Chartered Professional Accountants\",\"publisher\":{\"@id\":\"https:\\\/\\\/www.ascendllp.com\\\/fr\\\/#organization\"},\"alternateName\":\"Ascend LLP\",\"potentialAction\":[{\"@type\":\"SearchAction\",\"target\":{\"@type\":\"EntryPoint\",\"urlTemplate\":\"https:\\\/\\\/www.ascendllp.com\\\/fr\\\/?s={search_term_string}\"},\"query-input\":{\"@type\":\"PropertyValueSpecification\",\"valueRequired\":true,\"valueName\":\"search_term_string\"}}],\"inLanguage\":\"fr-FR\"},{\"@type\":\"Organization\",\"@id\":\"https:\\\/\\\/www.ascendllp.com\\\/fr\\\/#organization\",\"name\":\"Ascend LLP Chartered Professional Accountants\",\"alternateName\":\"Ascend LLP\",\"url\":\"https:\\\/\\\/www.ascendllp.com\\\/fr\\\/\",\"logo\":{\"@type\":\"ImageObject\",\"inLanguage\":\"fr-FR\",\"@id\":\"https:\\\/\\\/www.ascendllp.com\\\/fr\\\/#\\\/schema\\\/logo\\\/image\\\/\",\"url\":\"https:\\\/\\\/www.ascendllp.com\\\/wp-content\\\/uploads\\\/2025\\\/10\\\/Ascend-1024x1024-2.png\",\"contentUrl\":\"https:\\\/\\\/www.ascendllp.com\\\/wp-content\\\/uploads\\\/2025\\\/10\\\/Ascend-1024x1024-2.png\",\"width\":1024,\"height\":1024,\"caption\":\"Ascend LLP Chartered Professional Accountants\"},\"image\":{\"@id\":\"https:\\\/\\\/www.ascendllp.com\\\/fr\\\/#\\\/schema\\\/logo\\\/image\\\/\"},\"sameAs\":[\"https:\\\/\\\/www.instagram.com\\\/ascendllp\\\/\",\"https:\\\/\\\/www.youtube.com\\\/@AscendLLP\"]}]}<\/script>\n<!-- \/ Yoast SEO plugin. -->","yoast_head_json":{"title":"Conseil et consultation | Ascend LLP","description":"Learn about Conseil et consultation at Ascend LLP. Explore our expert accounting, tax, and advisory services tailored to your needs.","robots":{"index":"index","follow":"follow","max-snippet":"max-snippet:-1","max-image-preview":"max-image-preview:large","max-video-preview":"max-video-preview:-1"},"canonical":"https:\/\/www.ascendllp.com\/fr\/services\/consulting-advisory\/","og_locale":"fr_FR","og_type":"article","og_title":"Conseil et consultation | Ascend LLP","og_description":"Learn about Conseil et consultation at Ascend LLP. Explore our expert accounting, tax, and advisory services tailored to your needs.","og_url":"https:\/\/www.ascendllp.com\/fr\/services\/consulting-advisory\/","og_site_name":"Ascend LLP","article_modified_time":"2025-10-15T16:23:17+00:00","og_image":[{"width":2560,"height":1550,"url":"https:\/\/www.ascendllp.com\/wp-content\/uploads\/2024\/12\/AdobeStock_624956304-scaled.jpeg","type":"image\/jpeg"}],"twitter_card":"summary_large_image","twitter_misc":{"Dur\u00e9e de lecture estim\u00e9e":"3 minutes"},"schema":{"@context":"https:\/\/schema.org","@graph":[{"@type":"WebPage","@id":"https:\/\/www.ascendllp.com\/fr\/services\/consulting-advisory\/","url":"https:\/\/www.ascendllp.com\/fr\/services\/consulting-advisory\/","name":"Conseil et consultation | Ascend LLP","isPartOf":{"@id":"https:\/\/www.ascendllp.com\/fr\/#website"},"datePublished":"2022-05-17T10:33:54+00:00","dateModified":"2025-10-15T16:23:17+00:00","description":"Learn about Conseil et consultation at Ascend LLP. Explore our expert accounting, tax, and advisory services tailored to your needs.","breadcrumb":{"@id":"https:\/\/www.ascendllp.com\/fr\/services\/consulting-advisory\/#breadcrumb"},"inLanguage":"fr-FR","potentialAction":[{"@type":"ReadAction","target":["https:\/\/www.ascendllp.com\/fr\/services\/consulting-advisory\/"]}]},{"@type":"BreadcrumbList","@id":"https:\/\/www.ascendllp.com\/fr\/services\/consulting-advisory\/#breadcrumb","itemListElement":[{"@type":"ListItem","position":1,"name":"Home","item":"https:\/\/www.ascendllp.com\/fr\/"},{"@type":"ListItem","position":2,"name":"Services","item":"https:\/\/www.ascendllp.com\/fr\/services\/"},{"@type":"ListItem","position":3,"name":"Conseil et consultation"}]},{"@type":"WebSite","@id":"https:\/\/www.ascendllp.com\/fr\/#website","url":"https:\/\/www.ascendllp.com\/fr\/","name":"Ascend LLP Chartered Professional Accountants","description":"Chartered Professional Accountants","publisher":{"@id":"https:\/\/www.ascendllp.com\/fr\/#organization"},"alternateName":"Ascend LLP","potentialAction":[{"@type":"SearchAction","target":{"@type":"EntryPoint","urlTemplate":"https:\/\/www.ascendllp.com\/fr\/?s={search_term_string}"},"query-input":{"@type":"PropertyValueSpecification","valueRequired":true,"valueName":"search_term_string"}}],"inLanguage":"fr-FR"},{"@type":"Organization","@id":"https:\/\/www.ascendllp.com\/fr\/#organization","name":"Ascend LLP Chartered Professional Accountants","alternateName":"Ascend LLP","url":"https:\/\/www.ascendllp.com\/fr\/","logo":{"@type":"ImageObject","inLanguage":"fr-FR","@id":"https:\/\/www.ascendllp.com\/fr\/#\/schema\/logo\/image\/","url":"https:\/\/www.ascendllp.com\/wp-content\/uploads\/2025\/10\/Ascend-1024x1024-2.png","contentUrl":"https:\/\/www.ascendllp.com\/wp-content\/uploads\/2025\/10\/Ascend-1024x1024-2.png","width":1024,"height":1024,"caption":"Ascend LLP Chartered Professional Accountants"},"image":{"@id":"https:\/\/www.ascendllp.com\/fr\/#\/schema\/logo\/image\/"},"sameAs":["https:\/\/www.instagram.com\/ascendllp\/","https:\/\/www.youtube.com\/@AscendLLP"]}]}},"_links":{"self":[{"href":"https:\/\/www.ascendllp.com\/fr\/wp-json\/wp\/v2\/pages\/1341","targetHints":{"allow":["GET"]}}],"collection":[{"href":"https:\/\/www.ascendllp.com\/fr\/wp-json\/wp\/v2\/pages"}],"about":[{"href":"https:\/\/www.ascendllp.com\/fr\/wp-json\/wp\/v2\/types\/page"}],"author":[{"embeddable":true,"href":"https:\/\/www.ascendllp.com\/fr\/wp-json\/wp\/v2\/users\/1"}],"replies":[{"embeddable":true,"href":"https:\/\/www.ascendllp.com\/fr\/wp-json\/wp\/v2\/comments?post=1341"}],"version-history":[{"count":0,"href":"https:\/\/www.ascendllp.com\/fr\/wp-json\/wp\/v2\/pages\/1341\/revisions"}],"up":[{"embeddable":true,"href":"https:\/\/www.ascendllp.com\/fr\/wp-json\/wp\/v2\/pages\/1337"}],"wp:attachment":[{"href":"https:\/\/www.ascendllp.com\/fr\/wp-json\/wp\/v2\/media?parent=1341"}],"curies":[{"name":"wp","href":"https:\/\/api.w.org\/{rel}","templated":true}]}}