{"id":1343,"date":"2022-05-17T09:23:30","date_gmt":"2022-05-17T09:23:30","guid":{"rendered":"https:\/\/www.ascendllp.com\/services\/tax-services\/"},"modified":"2025-10-15T16:01:02","modified_gmt":"2025-10-15T16:01:02","slug":"tax-services","status":"publish","type":"page","link":"https:\/\/www.ascendllp.com\/fr\/services\/tax-services\/","title":{"rendered":"Services fiscaux"},"content":{"rendered":"\r\n<h1>\r\n\t\t\tFINANCIAL STATEMENT SERVICES\t<\/h1>\r\n<h2>\r\n\t\t\tLa fiscalit\u00e9 simplifi\u00e9e\t<\/h2>\r\n\t<p>Apprenez \u00e0 comprendre les d\u00e9tails complexes de la fiscalit\u00e9 gr\u00e2ce \u00e0 nos services de fiscaux. Nos fiscalistes \u00e9laborent des plans fiscaux strat\u00e9giques adapt\u00e9s \u00e0 votre situation et \u00e0 vos objectifs uniques, en identifiant les possibilit\u00e9s de r\u00e9duire vos imp\u00f4ts \u00e0 payer et de maximiser vos \u00e9conomies gr\u00e2ce \u00e0 des strat\u00e9gies de planification fiscale efficaces.<\/p>\r\n<h2>\r\n\t\t\tCOMMENT NOUS POUVONS VOUS \u00caTRE UTILES\t<\/h2>\r\n\t<p><strong>Pr\u00e9paration des d\u00e9clarations\u00a0:<\/strong> Nous pr\u00e9parons des d\u00e9clarations de revenus pour les particuliers, les soci\u00e9t\u00e9s de personnes, les soci\u00e9t\u00e9s par actions, les successions, les fiducies et les organismes sans but lucratif, en veillant \u00e0 la conformit\u00e9 aux lois et r\u00e8glements fiscaux et en maximisant les d\u00e9ductions et les cr\u00e9dits disponibles.<\/p>\r\n<p><strong>R\u00e9organisations d&rsquo;entreprise\u00a0:<\/strong> Nous vous aidons \u00e0 g\u00e9rer les implications fiscales de la restructuration d&rsquo;entreprise, y compris les fusions, les acquisitions et les r\u00e9organisations. Nous nous assurons aussi que vos transactions sont fiscalement avantageuses et conformes aux lois fiscales applicables.<\/p>\r\n<p><strong>Planification et mise en conformit\u00e9 des taxes de consommation provinciale et f\u00e9d\u00e9rale\u00a0:<\/strong> Nos sp\u00e9cialistes vous conseillent en mati\u00e8re de taxes de consommation provinciales et f\u00e9d\u00e9rales pour assurer une conformit\u00e9 optimale et minimiser l&rsquo;incidence notamment de la TPS, la TVH, la TVP et la TVQ.<\/p>\r\n<p><b>Matrimonial Settlements:<\/b> We address tax considerations in divorce settlements, providing expert advice on the tax implications of asset division, spousal support, and other financial matters to achieve equitable outcomes.<\/p>\r\n<p><strong>Ententes matrimoniales\u00a0:<\/strong> Nous traitons les aspects fiscaux dans les r\u00e8glements de divorce en fournissant des conseils d&rsquo;experts sur la division des actifs, la pension alimentaire et d&rsquo;autres questions financi\u00e8res afin d&rsquo;obtenir des r\u00e9sultats \u00e9quitables.<\/p>\r\n<p><strong>Achat et vente d&rsquo;entreprise\u00a0:<\/strong> Notre \u00e9quipe analyse les effets fiscaux de l&rsquo;achat ou de la vente d&rsquo;une entreprise, y compris l&rsquo;imp\u00f4t sur les gains en capital, l&rsquo;\u00e9valuation des actifs et les implications fiscales de diff\u00e9rentes transactions. Nous pouvons vous aider \u00e0 prendre des d\u00e9cisions \u00e9clair\u00e9es en fournissant des solutions fiscales optimales.<\/p>\r\n<p><strong>Planification de la retraite et de la succession\u00a0:<\/strong> Nous vous aidons \u00e0 planifier une retraite et une succession fiscalement avantageuses. Nos strat\u00e9gies d&rsquo;optimisation fiscale permettent de pr\u00e9server le patrimoine des g\u00e9n\u00e9rations actuelles et futures.<\/p>\r\n<p><strong>Fiscalit\u00e9 am\u00e9ricaine et internationale\u00a0:<\/strong> Nos experts ma\u00eetrisent les complexit\u00e9s fiscales transfrontali\u00e8res et vous guident sur les questions fiscales internationales, y compris les conventions fiscales, la d\u00e9claration des revenus \u00e9trangers et la conformit\u00e9 aux r\u00e9glementations de l&rsquo;IRS pour les contribuables am\u00e9ricains.<\/p>\r\n<h2>\r\n\t\t\tPLANIFIER UN APPEL\t<\/h2>\r\n\t<p>Remplissez le formulaire ci-dessous pour planifier un premier appel rapide avec un membre de notre \u00e9quipe.<\/p>\r\n\r\n","protected":false},"excerpt":{"rendered":"<p>FINANCIAL STATEMENT SERVICES La fiscalit\u00e9 simplifi\u00e9e Apprenez \u00e0 comprendre les d\u00e9tails complexes de la fiscalit\u00e9 gr\u00e2ce \u00e0 nos services de fiscaux. Nos fiscalistes \u00e9laborent des plans fiscaux strat\u00e9giques adapt\u00e9s \u00e0 votre situation et \u00e0 vos objectifs uniques, en identifiant les possibilit\u00e9s de r\u00e9duire vos imp\u00f4ts \u00e0 payer et de maximiser vos \u00e9conomies gr\u00e2ce \u00e0 des&hellip;<\/p>\n","protected":false},"author":1,"featured_media":0,"parent":1337,"menu_order":0,"comment_status":"closed","ping_status":"closed","template":"","meta":{"_acf_changed":false,"content-type":"","inline_featured_image":false,"footnotes":""},"class_list":["post-1343","page","type-page","status-publish","hentry"],"acf":[],"yoast_head":"<!-- This site is optimized with the Yoast SEO plugin v27.4 - https:\/\/yoast.com\/product\/yoast-seo-wordpress\/ -->\n<title>Services fiscaux | Ascend LLP<\/title>\n<meta name=\"description\" content=\"Learn about Services fiscaux at Ascend LLP. Explore our expert accounting, tax, and advisory services tailored to your needs.\" \/>\n<meta name=\"robots\" content=\"index, follow, max-snippet:-1, max-image-preview:large, max-video-preview:-1\" \/>\n<link rel=\"canonical\" href=\"https:\/\/www.ascendllp.com\/fr\/services\/tax-services\/\" \/>\n<meta property=\"og:locale\" content=\"fr_FR\" \/>\n<meta property=\"og:type\" content=\"article\" \/>\n<meta property=\"og:title\" content=\"Services fiscaux | Ascend LLP\" \/>\n<meta property=\"og:description\" content=\"Learn about Services fiscaux at Ascend LLP. Explore our expert accounting, tax, and advisory services tailored to your needs.\" \/>\n<meta property=\"og:url\" content=\"https:\/\/www.ascendllp.com\/fr\/services\/tax-services\/\" \/>\n<meta property=\"og:site_name\" content=\"Ascend LLP\" \/>\n<meta property=\"article:modified_time\" content=\"2025-10-15T16:01:02+00:00\" \/>\n<meta property=\"og:image\" content=\"https:\/\/www.ascendllp.com\/wp-content\/uploads\/2024\/12\/AdobeStock_624956304-scaled.jpeg\" \/>\n\t<meta property=\"og:image:width\" content=\"2560\" \/>\n\t<meta property=\"og:image:height\" content=\"1550\" \/>\n\t<meta property=\"og:image:type\" content=\"image\/jpeg\" \/>\n<meta name=\"twitter:card\" content=\"summary_large_image\" \/>\n<meta name=\"twitter:label1\" content=\"Dur\u00e9e de lecture estim\u00e9e\" \/>\n\t<meta name=\"twitter:data1\" content=\"2 minutes\" \/>\n<script type=\"application\/ld+json\" class=\"yoast-schema-graph\">{\"@context\":\"https:\\\/\\\/schema.org\",\"@graph\":[{\"@type\":\"WebPage\",\"@id\":\"https:\\\/\\\/www.ascendllp.com\\\/fr\\\/services\\\/tax-services\\\/\",\"url\":\"https:\\\/\\\/www.ascendllp.com\\\/fr\\\/services\\\/tax-services\\\/\",\"name\":\"Services fiscaux | Ascend LLP\",\"isPartOf\":{\"@id\":\"https:\\\/\\\/www.ascendllp.com\\\/fr\\\/#website\"},\"datePublished\":\"2022-05-17T09:23:30+00:00\",\"dateModified\":\"2025-10-15T16:01:02+00:00\",\"description\":\"Learn about Services fiscaux at Ascend LLP. Explore our expert accounting, tax, and advisory services tailored to your needs.\",\"breadcrumb\":{\"@id\":\"https:\\\/\\\/www.ascendllp.com\\\/fr\\\/services\\\/tax-services\\\/#breadcrumb\"},\"inLanguage\":\"fr-FR\",\"potentialAction\":[{\"@type\":\"ReadAction\",\"target\":[\"https:\\\/\\\/www.ascendllp.com\\\/fr\\\/services\\\/tax-services\\\/\"]}]},{\"@type\":\"BreadcrumbList\",\"@id\":\"https:\\\/\\\/www.ascendllp.com\\\/fr\\\/services\\\/tax-services\\\/#breadcrumb\",\"itemListElement\":[{\"@type\":\"ListItem\",\"position\":1,\"name\":\"Home\",\"item\":\"https:\\\/\\\/www.ascendllp.com\\\/fr\\\/\"},{\"@type\":\"ListItem\",\"position\":2,\"name\":\"Services\",\"item\":\"https:\\\/\\\/www.ascendllp.com\\\/fr\\\/services\\\/\"},{\"@type\":\"ListItem\",\"position\":3,\"name\":\"Services fiscaux\"}]},{\"@type\":\"WebSite\",\"@id\":\"https:\\\/\\\/www.ascendllp.com\\\/fr\\\/#website\",\"url\":\"https:\\\/\\\/www.ascendllp.com\\\/fr\\\/\",\"name\":\"Ascend LLP Chartered Professional Accountants\",\"description\":\"Chartered Professional Accountants\",\"publisher\":{\"@id\":\"https:\\\/\\\/www.ascendllp.com\\\/fr\\\/#organization\"},\"alternateName\":\"Ascend LLP\",\"potentialAction\":[{\"@type\":\"SearchAction\",\"target\":{\"@type\":\"EntryPoint\",\"urlTemplate\":\"https:\\\/\\\/www.ascendllp.com\\\/fr\\\/?s={search_term_string}\"},\"query-input\":{\"@type\":\"PropertyValueSpecification\",\"valueRequired\":true,\"valueName\":\"search_term_string\"}}],\"inLanguage\":\"fr-FR\"},{\"@type\":\"Organization\",\"@id\":\"https:\\\/\\\/www.ascendllp.com\\\/fr\\\/#organization\",\"name\":\"Ascend LLP Chartered Professional Accountants\",\"alternateName\":\"Ascend LLP\",\"url\":\"https:\\\/\\\/www.ascendllp.com\\\/fr\\\/\",\"logo\":{\"@type\":\"ImageObject\",\"inLanguage\":\"fr-FR\",\"@id\":\"https:\\\/\\\/www.ascendllp.com\\\/fr\\\/#\\\/schema\\\/logo\\\/image\\\/\",\"url\":\"https:\\\/\\\/www.ascendllp.com\\\/wp-content\\\/uploads\\\/2025\\\/10\\\/Ascend-1024x1024-2.png\",\"contentUrl\":\"https:\\\/\\\/www.ascendllp.com\\\/wp-content\\\/uploads\\\/2025\\\/10\\\/Ascend-1024x1024-2.png\",\"width\":1024,\"height\":1024,\"caption\":\"Ascend LLP Chartered Professional Accountants\"},\"image\":{\"@id\":\"https:\\\/\\\/www.ascendllp.com\\\/fr\\\/#\\\/schema\\\/logo\\\/image\\\/\"},\"sameAs\":[\"https:\\\/\\\/www.instagram.com\\\/ascendllp\\\/\",\"https:\\\/\\\/www.youtube.com\\\/@AscendLLP\"]}]}<\/script>\n<!-- \/ Yoast SEO plugin. -->","yoast_head_json":{"title":"Services fiscaux | Ascend LLP","description":"Learn about Services fiscaux at Ascend LLP. Explore our expert accounting, tax, and advisory services tailored to your needs.","robots":{"index":"index","follow":"follow","max-snippet":"max-snippet:-1","max-image-preview":"max-image-preview:large","max-video-preview":"max-video-preview:-1"},"canonical":"https:\/\/www.ascendllp.com\/fr\/services\/tax-services\/","og_locale":"fr_FR","og_type":"article","og_title":"Services fiscaux | Ascend LLP","og_description":"Learn about Services fiscaux at Ascend LLP. Explore our expert accounting, tax, and advisory services tailored to your needs.","og_url":"https:\/\/www.ascendllp.com\/fr\/services\/tax-services\/","og_site_name":"Ascend LLP","article_modified_time":"2025-10-15T16:01:02+00:00","og_image":[{"width":2560,"height":1550,"url":"https:\/\/www.ascendllp.com\/wp-content\/uploads\/2024\/12\/AdobeStock_624956304-scaled.jpeg","type":"image\/jpeg"}],"twitter_card":"summary_large_image","twitter_misc":{"Dur\u00e9e de lecture estim\u00e9e":"2 minutes"},"schema":{"@context":"https:\/\/schema.org","@graph":[{"@type":"WebPage","@id":"https:\/\/www.ascendllp.com\/fr\/services\/tax-services\/","url":"https:\/\/www.ascendllp.com\/fr\/services\/tax-services\/","name":"Services fiscaux | Ascend LLP","isPartOf":{"@id":"https:\/\/www.ascendllp.com\/fr\/#website"},"datePublished":"2022-05-17T09:23:30+00:00","dateModified":"2025-10-15T16:01:02+00:00","description":"Learn about Services fiscaux at Ascend LLP. Explore our expert accounting, tax, and advisory services tailored to your needs.","breadcrumb":{"@id":"https:\/\/www.ascendllp.com\/fr\/services\/tax-services\/#breadcrumb"},"inLanguage":"fr-FR","potentialAction":[{"@type":"ReadAction","target":["https:\/\/www.ascendllp.com\/fr\/services\/tax-services\/"]}]},{"@type":"BreadcrumbList","@id":"https:\/\/www.ascendllp.com\/fr\/services\/tax-services\/#breadcrumb","itemListElement":[{"@type":"ListItem","position":1,"name":"Home","item":"https:\/\/www.ascendllp.com\/fr\/"},{"@type":"ListItem","position":2,"name":"Services","item":"https:\/\/www.ascendllp.com\/fr\/services\/"},{"@type":"ListItem","position":3,"name":"Services fiscaux"}]},{"@type":"WebSite","@id":"https:\/\/www.ascendllp.com\/fr\/#website","url":"https:\/\/www.ascendllp.com\/fr\/","name":"Ascend LLP Chartered Professional Accountants","description":"Chartered Professional Accountants","publisher":{"@id":"https:\/\/www.ascendllp.com\/fr\/#organization"},"alternateName":"Ascend LLP","potentialAction":[{"@type":"SearchAction","target":{"@type":"EntryPoint","urlTemplate":"https:\/\/www.ascendllp.com\/fr\/?s={search_term_string}"},"query-input":{"@type":"PropertyValueSpecification","valueRequired":true,"valueName":"search_term_string"}}],"inLanguage":"fr-FR"},{"@type":"Organization","@id":"https:\/\/www.ascendllp.com\/fr\/#organization","name":"Ascend LLP Chartered Professional Accountants","alternateName":"Ascend LLP","url":"https:\/\/www.ascendllp.com\/fr\/","logo":{"@type":"ImageObject","inLanguage":"fr-FR","@id":"https:\/\/www.ascendllp.com\/fr\/#\/schema\/logo\/image\/","url":"https:\/\/www.ascendllp.com\/wp-content\/uploads\/2025\/10\/Ascend-1024x1024-2.png","contentUrl":"https:\/\/www.ascendllp.com\/wp-content\/uploads\/2025\/10\/Ascend-1024x1024-2.png","width":1024,"height":1024,"caption":"Ascend LLP Chartered Professional Accountants"},"image":{"@id":"https:\/\/www.ascendllp.com\/fr\/#\/schema\/logo\/image\/"},"sameAs":["https:\/\/www.instagram.com\/ascendllp\/","https:\/\/www.youtube.com\/@AscendLLP"]}]}},"_links":{"self":[{"href":"https:\/\/www.ascendllp.com\/fr\/wp-json\/wp\/v2\/pages\/1343","targetHints":{"allow":["GET"]}}],"collection":[{"href":"https:\/\/www.ascendllp.com\/fr\/wp-json\/wp\/v2\/pages"}],"about":[{"href":"https:\/\/www.ascendllp.com\/fr\/wp-json\/wp\/v2\/types\/page"}],"author":[{"embeddable":true,"href":"https:\/\/www.ascendllp.com\/fr\/wp-json\/wp\/v2\/users\/1"}],"replies":[{"embeddable":true,"href":"https:\/\/www.ascendllp.com\/fr\/wp-json\/wp\/v2\/comments?post=1343"}],"version-history":[{"count":0,"href":"https:\/\/www.ascendllp.com\/fr\/wp-json\/wp\/v2\/pages\/1343\/revisions"}],"up":[{"embeddable":true,"href":"https:\/\/www.ascendllp.com\/fr\/wp-json\/wp\/v2\/pages\/1337"}],"wp:attachment":[{"href":"https:\/\/www.ascendllp.com\/fr\/wp-json\/wp\/v2\/media?parent=1343"}],"curies":[{"name":"wp","href":"https:\/\/api.w.org\/{rel}","templated":true}]}}